{"id":56197,"date":"2026-03-02T09:30:32","date_gmt":"2026-03-02T07:30:32","guid":{"rendered":"https:\/\/vaikebussirent24.ee\/privaatsuspoliitika\/"},"modified":"2026-03-27T09:29:23","modified_gmt":"2026-03-27T07:29:23","slug":"privaatsuspoliitika","status":"publish","type":"page","link":"https:\/\/vaikebussirent24.ee\/fi\/privaatsuspoliitika\/","title":{"rendered":"Tietosuojak\u00e4yt\u00e4nt\u00f6"},"content":{"rendered":"\t\t<div data-elementor-type=\"wp-page\" data-elementor-id=\"56197\" class=\"elementor elementor-56197 elementor-52562\" data-elementor-post-type=\"page\">\n\t\t\t\t\t\t<section class=\"elementor-section elementor-top-section elementor-element elementor-element-8816aa0 elementor-section-boxed elementor-section-height-default elementor-section-height-default\" data-id=\"8816aa0\" data-element_type=\"section\" data-e-type=\"section\">\n\t\t\t\t\t\t<div class=\"elementor-container elementor-column-gap-no\">\n\t\t\t\t\t<div class=\"elementor-column elementor-col-100 elementor-top-column elementor-element elementor-element-35178a9\" data-id=\"35178a9\" data-element_type=\"column\" data-e-type=\"column\">\n\t\t\t<div class=\"elementor-widget-wrap elementor-element-populated\">\n\t\t\t\t\t\t<div class=\"elementor-element elementor-element-282973f elementor-widget elementor-widget-heading\" data-id=\"282973f\" data-element_type=\"widget\" data-e-type=\"widget\" data-widget_type=\"heading.default\">\n\t\t\t\t<div class=\"elementor-widget-container\">\n\t\t\t\t\t<h2 class=\"elementor-heading-title elementor-size-default\">Tietosuojak\u00e4yt\u00e4nt\u00f6<\/h2>\t\t\t\t<\/div>\n\t\t\t\t<\/div>\n\t\t\t\t<div class=\"elementor-element elementor-element-b912db4 elementor-widget elementor-widget-text-editor\" data-id=\"b912db4\" data-element_type=\"widget\" data-e-type=\"widget\" data-widget_type=\"text-editor.default\">\n\t\t\t\t<div class=\"elementor-widget-container\">\n\t\t\t\t\t\t\t\t\t<p>Viimeisin p\u00e4ivitys: 18.07.2025<\/p>\n<p>Tervetuloa verkkosivustolle www.addfleet.ee (edaspidi \u201cVeebileht\u201d). Tietosuojak\u00e4yt\u00e4nt\u00f6mme kuvaa, miten addFleet O\u00dc (rekisterinumero 10055611) ker\u00e4\u00e4, k\u00e4ytt\u00e4\u00e4 ja suojaa henkil\u00f6tietojasi voimassa olevan tietosuojalains\u00e4\u00e4d\u00e4nn\u00f6n mukaisesti.<\/p>\n<h3>1. Rekister\u00f6ity ja rekisterinpit\u00e4j\u00e4<\/h3>\n<p>Rekisterinpit\u00e4j\u00e4 on addFleet O\u00dc.<br \/>Osoite: Harju maakond, Tallinn, Lasnam\u00e4e linnaosa, Keevise tn 10, 11415<br \/>S\u00e4hk\u00f6posti: info@addfleet.ee<br \/>Puhelin: +372 5333 3000<\/p>\n<h3>2. Ker\u00e4tt\u00e4v\u00e4t tiedot<\/h3>\n<p>Verkkosivuston k\u00e4yt\u00f6n ja palvelujen tarjoamisen aikana voimme ker\u00e4t\u00e4 seuraavia tietoja:<br \/>\u2022 Henkil\u00f6tiedot (nimi, s\u00e4hk\u00f6postiosoite, puhelinnumero)<br \/>\u2022 Tekniset tiedot (IP-osoite, selaintyyppi, k\u00e4yntiajat)<br \/>\u2022 Muut k\u00e4ytt\u00e4j\u00e4n vapaaehtoisesti antamat tiedot (esim. yhteydenottolomakkeet, tiedustelut)<\/p>\n<h3>3. Tietojen k\u00e4ytt\u00f6tarkoitus<\/h3>\n<p>K\u00e4yt\u00e4mme ker\u00e4ttyj\u00e4 tietoja seuraaviin tarkoituksiin:<br \/>\u2022 Palvelujen tarjoaminen ja hallinnointi<br \/>\u2022 Asiakastuki<br \/>\u2022 Ilmoitukset ja t\u00e4rke\u00e4t p\u00e4ivitykset<br \/>\u2022 Turvallisuuden ja k\u00e4ytt\u00f6kokemuksen parantaminen<br \/>\u2022 Lakis\u00e4\u00e4teisten velvoitteiden t\u00e4ytt\u00e4minen<\/p>\n<h3>4. Tietojen jakaminen<\/h3>\n<p>Emme myy tai vuokraa henkil\u00f6tietojasi kolmansille osapuolille. Tietoja voidaan jakaa vain luotettavien kumppaneiden kanssa, jotka auttavat meit\u00e4 palvelujen tarjoamisessa, ja vain tietojenk\u00e4sittelysopimusten ja lains\u00e4\u00e4d\u00e4nn\u00f6n mukaisesti.<\/p>\n<h3>5. Tietojen s\u00e4ilytt\u00e4minen<\/h3>\n<p>Henkil\u00f6tietoja s\u00e4ilytet\u00e4\u00e4n vain niin kauan kuin on tarpeen tarkoitusten toteuttamiseksi tai lakis\u00e4\u00e4teisten vaatimusten t\u00e4ytt\u00e4miseksi.<\/p>\n<h3>6. K\u00e4ytt\u00e4j\u00e4n oikeudet<\/h3>\n<p>Sinulla on oikeus:<br \/>\u2022 Pyyt\u00e4\u00e4 tietoja henkil\u00f6tiedoistasi<br \/>\u2022 Pyyt\u00e4\u00e4 virheellisten tietojen korjaamista tai poistamista<br \/>\u2022 Rajoittaa tai kielt\u00e4\u00e4 tietojen k\u00e4sittely<br \/>\u2022 Tehd\u00e4 valitus valvontaviranomaiselle<\/p>\n<h3>7. Ev\u00e4steet<\/h3>\n<p>Verkkosivusto k\u00e4ytt\u00e4\u00e4 ev\u00e4steit\u00e4 k\u00e4ytt\u00f6kokemuksen parantamiseksi ja liikenteen analysoimiseksi. Ev\u00e4steiden k\u00e4ytt\u00f6ehdot on kuvattu ev\u00e4stek\u00e4yt\u00e4nn\u00f6ss\u00e4mme.<\/p>\n<h3>8. Turvallisuus<\/h3>\n<p>Toteutamme asianmukaiset tekniset ja organisatoriset toimenpiteet tietojesi suojaamiseksi luvattomalta p\u00e4\u00e4sylt\u00e4, muuttamiselta tai tuhoamiselta.<\/p>\n<h3>9. Yhteystiedot<\/h3>\n<p>Jos sinulla on kysytt\u00e4v\u00e4\u00e4 tai haluat k\u00e4ytt\u00e4\u00e4 oikeuksiasi, ota meihin yhteytt\u00e4:<br \/>S\u00e4hk\u00f6posti: info@addfleet.ee<br \/>Puhelin: +372 5333 3000<\/p>\n\t\t\t\t\t\t\t\t<\/div>\n\t\t\t\t<\/div>\n\t\t\t\t\t<\/div>\n\t\t<\/div>\n\t\t\t\t\t<\/div>\n\t\t<\/section>\n\t\t\t\t<\/div>\n\t\t","protected":false},"excerpt":{"rendered":"<p>Tietosuojak\u00e4yt\u00e4nt\u00f6 Viimeisin p\u00e4ivitys: 18.07.2025 Tervetuloa verkkosivustolle www.addfleet.ee (edaspidi \u201cVeebileht\u201d). Tietosuojak\u00e4yt\u00e4nt\u00f6mme kuvaa, miten addFleet O\u00dc (rekisterinumero 10055611) ker\u00e4\u00e4, k\u00e4ytt\u00e4\u00e4 ja suojaa henkil\u00f6tietojasi voimassa olevan tietosuojalains\u00e4\u00e4d\u00e4nn\u00f6n mukaisesti. 1. Rekister\u00f6ity ja rekisterinpit\u00e4j\u00e4 Rekisterinpit\u00e4j\u00e4 on addFleet O\u00dc.Osoite: Harju maakond, Tallinn, Lasnam\u00e4e linnaosa, Keevise tn 10, 11415S\u00e4hk\u00f6posti: info@addfleet.eePuhelin: +372 5333 3000 2. Ker\u00e4tt\u00e4v\u00e4t tiedot Verkkosivuston k\u00e4yt\u00f6n ja palvelujen tarjoamisen aikana [&hellip;]<\/p>\n","protected":false},"author":2,"featured_media":0,"parent":0,"menu_order":0,"comment_status":"closed","ping_status":"closed","template":"","meta":{"_acf_changed":false,"footnotes":""},"class_list":["post-56197","page","type-page","status-publish","hentry"],"acf":[],"_links":{"self":[{"href":"https:\/\/vaikebussirent24.ee\/fi\/wp-json\/wp\/v2\/pages\/56197","targetHints":{"allow":["GET"]}}],"collection":[{"href":"https:\/\/vaikebussirent24.ee\/fi\/wp-json\/wp\/v2\/pages"}],"about":[{"href":"https:\/\/vaikebussirent24.ee\/fi\/wp-json\/wp\/v2\/types\/page"}],"author":[{"embeddable":true,"href":"https:\/\/vaikebussirent24.ee\/fi\/wp-json\/wp\/v2\/users\/2"}],"replies":[{"embeddable":true,"href":"https:\/\/vaikebussirent24.ee\/fi\/wp-json\/wp\/v2\/comments?post=56197"}],"version-history":[{"count":5,"href":"https:\/\/vaikebussirent24.ee\/fi\/wp-json\/wp\/v2\/pages\/56197\/revisions"}],"predecessor-version":[{"id":57268,"href":"https:\/\/vaikebussirent24.ee\/fi\/wp-json\/wp\/v2\/pages\/56197\/revisions\/57268"}],"wp:attachment":[{"href":"https:\/\/vaikebussirent24.ee\/fi\/wp-json\/wp\/v2\/media?parent=56197"}],"curies":[{"name":"wp","href":"https:\/\/api.w.org\/{rel}","templated":true}]}}