{"id":57198,"date":"2026-03-27T13:19:32","date_gmt":"2026-03-27T11:19:32","guid":{"rendered":"https:\/\/vaikebussirent24.ee\/?page_id=57198"},"modified":"2026-03-27T13:24:43","modified_gmt":"2026-03-27T11:24:43","slug":"yleiset-ehdot","status":"publish","type":"page","link":"https:\/\/vaikebussirent24.ee\/fi\/yleiset-ehdot\/","title":{"rendered":"Vuokrausehdot"},"content":{"rendered":"\t\t<div data-elementor-type=\"wp-page\" data-elementor-id=\"57198\" class=\"elementor elementor-57198 elementor-57196\" data-elementor-post-type=\"page\">\n\t\t\t\t\t\t<section class=\"elementor-section elementor-top-section elementor-element elementor-element-8816aa0 elementor-section-boxed elementor-section-height-default elementor-section-height-default\" data-id=\"8816aa0\" data-element_type=\"section\" data-e-type=\"section\">\n\t\t\t\t\t\t<div class=\"elementor-container elementor-column-gap-no\">\n\t\t\t\t\t<div class=\"elementor-column elementor-col-100 elementor-top-column elementor-element elementor-element-35178a9\" data-id=\"35178a9\" data-element_type=\"column\" data-e-type=\"column\">\n\t\t\t<div class=\"elementor-widget-wrap elementor-element-populated\">\n\t\t\t\t\t\t<div class=\"elementor-element elementor-element-282973f elementor-widget elementor-widget-heading\" data-id=\"282973f\" data-element_type=\"widget\" data-e-type=\"widget\" data-widget_type=\"heading.default\">\n\t\t\t\t<div class=\"elementor-widget-container\">\n\t\t\t\t\t<h1 class=\"elementor-heading-title elementor-size-default\">Yleiset ehdot<\/h1>\t\t\t\t<\/div>\n\t\t\t\t<\/div>\n\t\t\t\t<div class=\"elementor-element elementor-element-c305920 elementor-widget elementor-widget-html\" data-id=\"c305920\" data-element_type=\"widget\" data-e-type=\"widget\" data-widget_type=\"html.default\">\n\t\t\t\t<div class=\"elementor-widget-container\">\n\t\t\t\t\t<style type=\"text\/css\">\r\n.tingimused ul li:last-child {\r\n  padding-bottom:16px !important;\r\n}\r\n\r\n.tingimused ul li:first-child {\r\n  padding-top:16px !important;\r\n}\r\n\r\nh2 {\r\n    padding-top:20px !important;\r\n}\r\n<\/style>\t\t\t\t<\/div>\n\t\t\t\t<\/div>\n\t\t\t\t<div class=\"elementor-element elementor-element-b912db4 tingimused elementor-widget elementor-widget-text-editor\" data-id=\"b912db4\" data-element_type=\"widget\" data-e-type=\"widget\" data-widget_type=\"text-editor.default\">\n\t\t\t\t<div class=\"elementor-widget-container\">\n\t\t\t\t\t\t\t\t\t<p>Ajoneuvojen nouto ja palautus tapahtuu etuk\u00e4teen sovittaessa maanantaista sunnuntaihin klo 09.00\u201318.00 osoitteessa <strong>Keevise 10, 11415 Tallinna<\/strong>.<\/p>\n<p><\/p>\n<p>Ennakkovaraus on teht\u00e4v\u00e4 verkkosivuston kautta tai puhelimitse: <a href=\"tel:+37253333000\">+372 5462 0000<\/a>.<\/p>\n<p><\/p>\n<p>Jos tilaus tehd\u00e4\u00e4n alle 24 tuntia ennen vuokrauksen alkamista, halutun ajoneuvoluokan saatavuutta sek\u00e4 vahvistuksen tai kielteisen vastauksen oikea-aikaista l\u00e4hett\u00e4mist\u00e4 ei voida taata. Jos tilattua autoa ei ole saatavilla, vuokranantajalla on oikeus korvata se saman luokan ajoneuvolla s\u00e4ilytt\u00e4en varauksessa sovitun hinnan.<\/p>\n<p><\/p>\n<h2>Asiakirjat<\/h2>\n<p><\/p>\n<p>Vuokraajan on oltava v\u00e4hint\u00e4\u00e4n <strong>18-vuotias<\/strong> ja h\u00e4nell\u00e4 on oltava voimassa oleva ajokortti.<\/p>\n<p><\/p>\n<p>Autoa vuokrattaessa on esitett\u00e4v\u00e4:<\/p>\n<p><\/p>\n<ul>\n<li>voimassa oleva ajokortti;<\/li>\n<li>henkil\u00f6llisyystodistus (henkil\u00f6kortti tai passi);<\/li>\n<li>sopiva pankkikortti.<\/li>\n<\/ul>\n<p><\/p>\n<p><strong>Huom!<\/strong> Maestro-, Revolut-, Paysera- ja muita prepaid-kortteja ei hyv\u00e4ksyt\u00e4.<\/p>\n<p><\/p>\n<p>Ajokortin voimassaolon Virossa voi tarkistaa Liikenneviraston verkkosivuilta.<\/p>\n<p><\/p>\n<h2>Maksaminen<\/h2>\n<p><\/p>\n<p>Autovuokrauspalvelut maksetaan ennakkoon ennen vuokra-ajan alkamista:<\/p>\n<p><\/p>\n<ul>\n<li>k\u00e4teisell\u00e4;<\/li>\n<li>pankkikortilla;<\/li>\n<li>tilisiirrolla.<\/li>\n<\/ul>\n<p><\/p>\n<p>Pankkikortilla voi maksaa sijainnista riippumatta. T\u00e4t\u00e4 varten k\u00e4yt\u00e4mme mobiilimaksup\u00e4\u00e4tett\u00e4.<\/p>\n<p><\/p>\n<p>Varauksen yhteydess\u00e4 vuokranantajalla on oikeus vaatia ennakkomaksu, joka on <strong>20 % koko vuokrahinnasta<\/strong>. Varausta peruttaessa t\u00e4t\u00e4 ennakkomaksua ei palauteta.<\/p>\n<p><\/p>\n<h2>Vakuusmaksu<\/h2>\n<p><\/p>\n<p>Autoa vuokrattaessa on maksettava vakuusmaksu, joka varataan vuokraajan luotto- tai pankkikortilta summalla <strong>200,00 euroa<\/strong>.<\/p>\n<p><\/p>\n<p>Vakuusmaksu vapautetaan auton palautuksen j\u00e4lkeen, mik\u00e4li huomautettavaa ei ole, noin <strong>1\u20135 arkip\u00e4iv\u00e4n<\/strong> kuluessa. Poikkeustapauksissa vuokranantajalla on oikeus pyyt\u00e4\u00e4 tavanomaista suurempi vakuusmaksu.<\/p>\n<p><\/p>\n<p>Vakuusmaksua k\u00e4ytet\u00e4\u00e4n mahdollisten vahinkojen, sakkojen tai muiden kulujen kattamiseen.<\/p>\n<p><\/p>\n<h2>Ajoneuvon kunto<\/h2>\n<p><\/p>\n<p>Vuokra-auto luovutetaan vuokraajalle pestyn\u00e4 ja teknisesti kunnossa olevana.<\/p>\n<p><\/p>\n<p>Autoa vastaanotettaessa suosittelemme tarkastamaan sen huolellisesti ja vaatimaan, ett\u00e4 kaikki vauriot, my\u00f6s naarmut, merkit\u00e4\u00e4n vuokrasopimukseen. Muussa tapauksessa vuokraaja voi joutua vastuuseen vaurioista, jotka olivat ajoneuvossa jo ennen vuokra-ajan alkua.<\/p>\n<p><\/p>\n<p>Autot vuokrataan t\u00e4ydell\u00e4 polttoaines\u00e4ili\u00f6ll\u00e4, ellei sopimuksessa ole toisin m\u00e4\u00e4r\u00e4tty. Auto on palautettava samalla polttoainem\u00e4\u00e4r\u00e4ll\u00e4.<\/p>\n<p><\/p>\n<h2>Vakuutukset<\/h2>\n<p><\/p>\n<p>Vuokraajan omavastuu on:<\/p>\n<p><\/p>\n<ul>\n<li>vahingon sattuessa <strong>500,00 euroa<\/strong>;<\/li>\n<li>varkaustapauksessa <strong>15 % ajoneuvon arvosta<\/strong>.<\/li>\n<\/ul>\n<p><\/p>\n<p>Alennetun vahinko-omavastuun palvelu <strong>Superkasko<\/strong> mahdollistaa omavastuun alentamisen <strong>190, 65 tai 0 euroon<\/strong>.<\/p>\n<p><\/p>\n<h2>Ajokilometrirajoitus<\/h2>\n<p><\/p>\n<p><strong>1\u201329 p\u00e4iv\u00e4n<\/strong> vuokra-ajalla vuokraan sis\u00e4ltyy rajoittamaton kilometrim\u00e4\u00e4r\u00e4 Viron alueella.<\/p>\n<p><\/p>\n<p><strong>30+ p\u00e4iv\u00e4n<\/strong> vuokra-ajalla vuokraan sis\u00e4ltyy <strong>5000 km kuukaudessa<\/strong>. Rajoituksen ylitt\u00e4misest\u00e4 veloitetaan lis\u00e4maksu <strong>0,12 \u20ac\/km<\/strong>.<\/p>\n<p><\/p>\n<h2>K\u00e4ytt\u00f6alue<\/h2>\n<p><\/p>\n<p>Ajoneuvolla ei saa ajaa Viron ulkopuolella ilman kirjallista lupaa.<\/p>\n<p><\/p>\n<p>Viron ulkopuolella on voimassa seuraava ajokilometrirajoitus:<\/p>\n<p><\/p>\n<ul>\n<li>henkil\u00f6autoille <strong>400 km p\u00e4iv\u00e4ss\u00e4<\/strong>;<\/li>\n<li>kuitenkin enint\u00e4\u00e4n <strong>5000 km kuukaudessa<\/strong>.<\/li>\n<\/ul>\n<p><\/p>\n<p>Rajoituksen ylitt\u00e4misest\u00e4 veloitetaan lis\u00e4maksu <strong>0,12 \u20ac\/km<\/strong>.<\/p>\n<p><\/p>\n<h2>Ajoneuvon palautus<\/h2>\n<p><\/p>\n<p>Yksi vuorokausivuokra on <strong>24 tuntia<\/strong>.<\/p>\n<p><\/p>\n<p>Jos ajoneuvo palautetaan yli <strong>59 minuuttia<\/strong> sovitun ajan j\u00e4lkeen ilman vuokrayhti\u00f6n suostumusta, veloitetaan ylim\u00e4\u00e4r\u00e4inen vuorokausi.<\/p>\n<p><\/p>\n<p>Vuokraaja on velvollinen palauttamaan ajoneuvon sovittuna aikana ja sovittuun paikkaan.<\/p>\n<p><\/p>\n<p>Jos vuokraaja ei palauta ajoneuvoa sovittuna aikana, vuokranantajalla on oikeus hakea ajoneuvo itse, ja kaikki siihen liittyv\u00e4t kulut j\u00e4\u00e4v\u00e4t vuokraajan maksettaviksi.<\/p>\n<p><\/p>\n<p>Vuokranantajalla on oikeus vaatia <strong>kaksinkertainen vuokra jokaiselta viiv\u00e4styneelt\u00e4 p\u00e4iv\u00e4lt\u00e4<\/strong>.<\/p>\n<p><\/p>\n<h2>Pys\u00e4k\u00f6intisakot ja rikkomukset<\/h2>\n<p><\/p>\n<p>Vuokraaja on t\u00e4ysin vastuussa kaikista vuokra-aikana saaduista liikenne- ja pys\u00e4k\u00f6intisakoista sek\u00e4 muista rikkomuksista, ja h\u00e4nen on ilmoitettava niist\u00e4 vuokranantajalle viipym\u00e4tt\u00e4.<\/p>\n<p><\/p>\n<p>Vuokranantajalla on oikeus luovuttaa vuokraajan tiedot asianomaisille viranomaisille tai kolmansille osapuolille sakkojen perimist\u00e4 varten.<\/p>\n<p><\/p>\n<h2>Muut ehdot<\/h2>\n<p><\/p>\n<p>Jos autolle sattuu liikenneonnettomuus ja tilanne sit\u00e4 vaatii, ota yhteytt\u00e4 h\u00e4t\u00e4keskukseen numeroon <strong>112<\/strong>. Ota aina yhteytt\u00e4 my\u00f6s palvelunumeroomme <a href=\"tel:+37253333000\">+372 5462 0000<\/a>, jotta voimme arvioida tilanteen ja antaa lis\u00e4ohjeita.<\/p>\n<p><\/p>\n<p>Yleens\u00e4 liikenneonnettomuus on dokumentoitava paikan p\u00e4\u00e4ll\u00e4, asianmukainen lomake on t\u00e4ytett\u00e4v\u00e4, toisen osapuolen yhteystiedot on otettava, jos toinen osapuoli on tunnistettavissa, ja tarvittavat allekirjoitukset on ker\u00e4tt\u00e4v\u00e4.<\/p>\n<p><\/p>\n<p>Seuraavat ovat kiellettyj\u00e4:<\/p>\n<p><\/p>\n<ul>\n<li>tupakointi autossa;<\/li>\n<li>sy\u00f6minen autossa;<\/li>\n<li>el\u00e4inten kuljettaminen;<\/li>\n<li>ajoneuvon k\u00e4ytt\u00f6 laittomaan toimintaan;<\/li>\n<li>ajoneuvon k\u00e4ytt\u00f6 p\u00e4ihtyneen\u00e4;<\/li>\n<li>liikennes\u00e4\u00e4nt\u00f6jen rikkominen;<\/li>\n<li>osallistuminen kilpailuihin tai testeihin;<\/li>\n<li>ajaminen teill\u00e4, joita ei ole tarkoitettu tavanomaiseen liikenteeseen.<\/li>\n<\/ul>\n<p><\/p>\n<p><strong>Vaikebussirent24.ee<\/strong> pid\u00e4tt\u00e4\u00e4 oikeuden olla vuokraamatta autoa ilman perustelujen antamista.<\/p>\n<p><\/p>\n<p>Ajoneuvoa vuokrattaessa vuokraajaan sovelletaan n\u00e4it\u00e4 ehtoja sek\u00e4 vuokrasopimuksen yleisi\u00e4 ehtoja. Ristiriitatilanteissa n\u00e4m\u00e4 ehdot ovat ensisijaiset.<\/p>\n<p><\/p>\n\t\t\t\t\t\t\t\t<\/div>\n\t\t\t\t<\/div>\n\t\t\t\t\t<\/div>\n\t\t<\/div>\n\t\t\t\t\t<\/div>\n\t\t<\/section>\n\t\t\t\t<\/div>\n\t\t","protected":false},"excerpt":{"rendered":"<p>Yleiset ehdot Ajoneuvojen nouto ja palautus tapahtuu etuk\u00e4teen sovittaessa maanantaista sunnuntaihin klo 09.00\u201318.00 osoitteessa Keevise 10, 11415 Tallinna. Ennakkovaraus on teht\u00e4v\u00e4 verkkosivuston kautta tai puhelimitse: +372 5462 0000. Jos tilaus tehd\u00e4\u00e4n alle 24 tuntia ennen vuokrauksen alkamista, halutun ajoneuvoluokan saatavuutta sek\u00e4 vahvistuksen tai kielteisen vastauksen oikea-aikaista l\u00e4hett\u00e4mist\u00e4 ei voida taata. Jos tilattua autoa ei ole [&hellip;]<\/p>\n","protected":false},"author":2,"featured_media":0,"parent":0,"menu_order":0,"comment_status":"closed","ping_status":"closed","template":"","meta":{"_acf_changed":false,"footnotes":""},"class_list":["post-57198","page","type-page","status-publish","hentry"],"acf":[],"_links":{"self":[{"href":"https:\/\/vaikebussirent24.ee\/fi\/wp-json\/wp\/v2\/pages\/57198","targetHints":{"allow":["GET"]}}],"collection":[{"href":"https:\/\/vaikebussirent24.ee\/fi\/wp-json\/wp\/v2\/pages"}],"about":[{"href":"https:\/\/vaikebussirent24.ee\/fi\/wp-json\/wp\/v2\/types\/page"}],"author":[{"embeddable":true,"href":"https:\/\/vaikebussirent24.ee\/fi\/wp-json\/wp\/v2\/users\/2"}],"replies":[{"embeddable":true,"href":"https:\/\/vaikebussirent24.ee\/fi\/wp-json\/wp\/v2\/comments?post=57198"}],"version-history":[{"count":6,"href":"https:\/\/vaikebussirent24.ee\/fi\/wp-json\/wp\/v2\/pages\/57198\/revisions"}],"predecessor-version":[{"id":57420,"href":"https:\/\/vaikebussirent24.ee\/fi\/wp-json\/wp\/v2\/pages\/57198\/revisions\/57420"}],"wp:attachment":[{"href":"https:\/\/vaikebussirent24.ee\/fi\/wp-json\/wp\/v2\/media?parent=57198"}],"curies":[{"name":"wp","href":"https:\/\/api.w.org\/{rel}","templated":true}]}}